{"id":44,"date":"2026-01-06T21:52:20","date_gmt":"2026-01-06T20:52:20","guid":{"rendered":"http:\/\/allservicemichalaga.pl\/?page_id=44"},"modified":"2026-01-09T15:11:12","modified_gmt":"2026-01-09T14:11:12","slug":"o-nas","status":"publish","type":"page","link":"http:\/\/allservicemichalaga.pl\/?page_id=44","title":{"rendered":"O nas"},"content":{"rendered":"\t\t<div data-elementor-type=\"wp-page\" data-elementor-id=\"44\" class=\"elementor elementor-44\">\n\t\t\t\t\t\t<section class=\"elementor-section elementor-top-section elementor-element elementor-element-2ed2621e elementor-section-boxed elementor-section-height-default elementor-section-height-default\" data-id=\"2ed2621e\" data-element_type=\"section\">\n\t\t\t\t\t\t<div class=\"elementor-container elementor-column-gap-default\">\n\t\t\t\t\t<div class=\"elementor-column elementor-col-100 elementor-top-column elementor-element elementor-element-6c192b45\" data-id=\"6c192b45\" data-element_type=\"column\">\n\t\t\t<div class=\"elementor-widget-wrap elementor-element-populated\">\n\t\t\t\t\t\t<div class=\"elementor-element elementor-element-33034bd5 elementor-widget elementor-widget-heading\" data-id=\"33034bd5\" data-element_type=\"widget\" data-widget_type=\"heading.default\">\n\t\t\t\t\t<h2 class=\"elementor-heading-title elementor-size-default\">O nas<\/h2>\t\t\t\t<\/div>\n\t\t\t\t<div class=\"elementor-element elementor-element-26a26e51 elementor-widget__width-initial elementor-widget elementor-widget-text-editor\" data-id=\"26a26e51\" data-element_type=\"widget\" data-widget_type=\"text-editor.default\">\n\t\t\t\t\t\t\t\t\t<h4><strong>AllService<\/strong> to lokalna firma us\u0142ugowa dzia\u0142aj\u0105ca w \u017baganiu i Wiechlicach, stworzona z my\u015bl\u0105 o osobach, kt\u00f3re chc\u0105 za\u0142atwi\u0107 formalno\u015bci szybko, sprawnie i bez stresu. Pomagamy klientom indywidualnym oraz firmom w sprawach administracyjnych, dokumentowych i organizacyjnych.<\/h4>\t\t\t\t\t\t\t\t<\/div>\n\t\t\t\t\t<\/div>\n\t\t<\/div>\n\t\t\t\t\t<\/div>\n\t\t<\/section>\n\t\t\t\t<section class=\"elementor-section elementor-top-section elementor-element elementor-element-142079c4 elementor-section-boxed elementor-section-height-default elementor-section-height-default\" data-id=\"142079c4\" data-element_type=\"section\">\n\t\t\t\t\t\t<div class=\"elementor-container elementor-column-gap-default\">\n\t\t\t\t\t<div class=\"elementor-column elementor-col-100 elementor-top-column elementor-element elementor-element-1fa7850d\" data-id=\"1fa7850d\" data-element_type=\"column\">\n\t\t\t<div class=\"elementor-widget-wrap elementor-element-populated\">\n\t\t\t\t\t\t<div class=\"elementor-element elementor-element-59173b52 elementor-widget elementor-widget-heading\" data-id=\"59173b52\" data-element_type=\"widget\" data-widget_type=\"heading.default\">\n\t\t\t\t\t<h3 class=\"elementor-heading-title elementor-size-default\">Co robimy<\/h3>\t\t\t\t<\/div>\n\t\t\t\t<div class=\"elementor-element elementor-element-d789a12 elementor-widget elementor-widget-text-editor\" data-id=\"d789a12\" data-element_type=\"widget\" data-widget_type=\"text-editor.default\">\n\t\t\t\t\t\t\t\t\t<ul><li><h4>obs\u0142uga agencji pocztowej (nadania, odbiory, awiza)<\/h4><\/li><li><h4>pomoc w rejestracji pojazd\u00f3w z Polski i z zagranicy<\/h4><\/li><li><h4>przygotowanie i sk\u0142adanie wniosk\u00f3w (akcyza, PCC-3)<\/h4><\/li><li><h4>obs\u0142uga dokument\u00f3w i formalno\u015bci administracyjnych<\/h4><\/li><li><h4>wsparcie klient\u00f3w indywidualnych oraz przedsi\u0119biorc\u00f3w<\/h4><\/li><li><h4>Wycena polis ubezpieczeniowych oraz po\u015brednictwo w kredytach\u00a0\u00a0<\/h4><\/li><\/ul>\t\t\t\t\t\t\t\t<\/div>\n\t\t\t\t\t<\/div>\n\t\t<\/div>\n\t\t\t\t\t<\/div>\n\t\t<\/section>\n\t\t\t\t<section class=\"elementor-section elementor-top-section elementor-element elementor-element-8d57ca5 elementor-section-boxed elementor-section-height-default elementor-section-height-default\" data-id=\"8d57ca5\" data-element_type=\"section\">\n\t\t\t\t\t\t<div class=\"elementor-container elementor-column-gap-default\">\n\t\t\t\t\t<div class=\"elementor-column elementor-col-100 elementor-top-column elementor-element elementor-element-12f6383f\" data-id=\"12f6383f\" data-element_type=\"column\">\n\t\t\t<div class=\"elementor-widget-wrap elementor-element-populated\">\n\t\t\t\t\t\t<div class=\"elementor-element elementor-element-56da3881 elementor-widget elementor-widget-heading\" data-id=\"56da3881\" data-element_type=\"widget\" data-widget_type=\"heading.default\">\n\t\t\t\t\t<h3 class=\"elementor-heading-title elementor-size-default\">O w\u0142a\u015bcicielu<\/h3>\t\t\t\t<\/div>\n\t\t\t\t<div class=\"elementor-element elementor-element-4205152 elementor-widget__width-initial elementor-widget elementor-widget-image\" data-id=\"4205152\" data-element_type=\"widget\" data-widget_type=\"image.default\">\n\t\t\t\t\t\t\t\t\t\t\t\t\t\t\t<img fetchpriority=\"high\" decoding=\"async\" width=\"243\" height=\"250\" src=\"http:\/\/allservicemichalaga.pl\/wp-content\/uploads\/2026\/01\/Zrzut-ekranu-2026-01-09-150430.png\" class=\"attachment-large size-large wp-image-196\" alt=\"\" \/>\t\t\t\t\t\t\t\t\t\t\t\t\t\t\t<\/div>\n\t\t\t\t<div class=\"elementor-element elementor-element-6b39c292 elementor-widget elementor-widget-text-editor\" data-id=\"6b39c292\" data-element_type=\"widget\" data-widget_type=\"text-editor.default\">\n\t\t\t\t\t\t\t\t\t<p data-start=\"1253\" data-end=\"1483\"><strong data-start=\"1253\" data-end=\"1276\">Micha\u0142 Szuszkiewicz<\/strong> \u2013 in\u017cynier logistyki, przedsi\u0119biorca i w\u0142a\u015bciciel firmy AllService.<br data-start=\"1344\" data-end=\"1347\" \/>Od lat zwi\u0105zany z obs\u0142ug\u0105 klient\u00f3w oraz prac\u0105 z dokumentami i formalno\u015bciami wymagaj\u0105cymi dok\u0142adno\u015bci, odpowiedzialno\u015bci i terminowo\u015bci.<\/p><p data-start=\"1485\" data-end=\"1749\">W swojej pracy <strong data-start=\"1500\" data-end=\"1549\">nie boi si\u0119 trudnych i niestandardowych spraw<\/strong>. Ka\u017cd\u0105 sytuacj\u0119 analizuje indywidualnie, <strong data-start=\"1591\" data-end=\"1653\">szukaj\u0105c najlepszego i pozytywnego rozwi\u0105zania dla klienta<\/strong>. Tam, gdzie pojawiaj\u0105 si\u0119 problemy, koncentruje si\u0119 na mo\u017cliwo\u015bciach i skutecznych dzia\u0142aniach.<\/p><p data-start=\"1751\" data-end=\"1917\">Dla niego najwa\u017cniejsze jest, aby klient mia\u0142 poczucie, \u017ce <strong data-start=\"1810\" data-end=\"1847\">jego sprawa jest w dobrych r\u0119kach<\/strong>, a ca\u0142y proces przebiega spokojnie, jasno i bez zb\u0119dnych komplikacji.<\/p>\t\t\t\t\t\t\t\t<\/div>\n\t\t\t\t\t<\/div>\n\t\t<\/div>\n\t\t\t\t\t<\/div>\n\t\t<\/section>\n\t\t\t\t<section class=\"elementor-section elementor-top-section elementor-element elementor-element-43018ec5 elementor-section-boxed elementor-section-height-default elementor-section-height-default\" data-id=\"43018ec5\" data-element_type=\"section\">\n\t\t\t\t\t\t<div class=\"elementor-container elementor-column-gap-default\">\n\t\t\t\t\t<div class=\"elementor-column elementor-col-100 elementor-top-column elementor-element elementor-element-7683d092\" data-id=\"7683d092\" data-element_type=\"column\">\n\t\t\t<div class=\"elementor-widget-wrap elementor-element-populated\">\n\t\t\t\t\t\t<div class=\"elementor-element elementor-element-410678cb elementor-widget elementor-widget-heading\" data-id=\"410678cb\" data-element_type=\"widget\" data-widget_type=\"heading.default\">\n\t\t\t\t\t<h3 class=\"elementor-heading-title elementor-size-default\">O naszej za\u0142odze<\/h3>\t\t\t\t<\/div>\n\t\t\t\t<div class=\"elementor-element elementor-element-26490c20 elementor-widget elementor-widget-text-editor\" data-id=\"26490c20\" data-element_type=\"widget\" data-widget_type=\"text-editor.default\">\n\t\t\t\t\t\t\t\t\t<p data-start=\"1946\" data-end=\"2174\">Jeste\u015bmy zespo\u0142em ludzi, kt\u00f3rzy stawiaj\u0105 na <strong data-start=\"1990\" data-end=\"2043\">profesjonaln\u0105, ale jednocze\u015bnie przyjazn\u0105 obs\u0142ug\u0119<\/strong>.<br data-start=\"2044\" data-end=\"2047\" \/>Dla nas <strong data-start=\"2055\" data-end=\"2091\">klient zawsze jest numerem jeden<\/strong> \u2013 niezale\u017cnie od tego, czy sprawa jest prosta, czy wymaga wi\u0119kszego zaanga\u017cowania. T\u0142umaczymy procedury prostym j\u0119zykiem i pomagamy krok po kroku.<\/p><p data-start=\"2176\" data-end=\"2189\">Ka\u017cdego dnia:<\/p><ul data-start=\"2190\" data-end=\"2363\"><li data-start=\"2190\" data-end=\"2227\"><p data-start=\"2192\" data-end=\"2227\">pomagamy w za\u0142atwianiu formalno\u015bci,<\/p><\/li><li data-start=\"2228\" data-end=\"2282\"><p data-start=\"2230\" data-end=\"2282\">t\u0142umaczymy procedury prostym i zrozumia\u0142ym j\u0119zykiem,<\/p><\/li><li data-start=\"2283\" data-end=\"2328\"><p data-start=\"2285\" data-end=\"2328\">podchodzimy do ka\u017cdej sprawy indywidualnie,<\/p><\/li><li data-start=\"2329\" data-end=\"2363\"><p data-start=\"2331\" data-end=\"2363\">dbamy o komfort i czas klient\u00f3w.<\/p><\/li><\/ul><p data-start=\"2365\" data-end=\"2476\">Zale\u017cy nam, aby ka\u017cdy, kto nas odwiedza, czu\u0142 si\u0119 <strong data-start=\"2415\" data-end=\"2475\">wys\u0142uchany, dobrze obs\u0142u\u017cony i potraktowany z szacunkiem<\/strong>.<\/p>\t\t\t\t\t\t\t\t<\/div>\n\t\t\t\t\t<\/div>\n\t\t<\/div>\n\t\t\t\t\t<\/div>\n\t\t<\/section>\n\t\t\t\t<section class=\"elementor-section elementor-top-section elementor-element elementor-element-79a160d elementor-section-boxed elementor-section-height-default elementor-section-height-default\" data-id=\"79a160d\" data-element_type=\"section\">\n\t\t\t\t\t\t<div class=\"elementor-container elementor-column-gap-default\">\n\t\t\t\t\t<div class=\"elementor-column elementor-col-100 elementor-top-column elementor-element elementor-element-735cfa98\" data-id=\"735cfa98\" data-element_type=\"column\">\n\t\t\t<div class=\"elementor-widget-wrap elementor-element-populated\">\n\t\t\t\t\t\t<div class=\"elementor-element elementor-element-3a4c1835 elementor-widget elementor-widget-heading\" data-id=\"3a4c1835\" data-element_type=\"widget\" data-widget_type=\"heading.default\">\n\t\t\t\t\t<h3 class=\"elementor-heading-title elementor-size-default\">Dlaczego warto nam zaufa\u0107<\/h3>\t\t\t\t<\/div>\n\t\t\t\t<div class=\"elementor-element elementor-element-22eeb943 elementor-widget elementor-widget-text-editor\" data-id=\"22eeb943\" data-element_type=\"widget\" data-widget_type=\"text-editor.default\">\n\t\t\t\t\t\t\t\t\t<ul><li><h4>profesjonalna i przyjazna obs\u0142uga<\/h4><\/li><li><h4>indywidualne podej\u015bcie do ka\u017cdej sprawy<\/h4><\/li><li><h4>nie boimy si\u0119 trudnych spraw<\/h4><\/li><li><h4>szukamy rozwi\u0105za\u0144, a nie problem\u00f3w<\/h4><\/li><li><h4>lokalne do\u015bwiadczenie i znajomo\u015b\u0107 procedur<\/h4><\/li><\/ul>\t\t\t\t\t\t\t\t<\/div>\n\t\t\t\t\t<\/div>\n\t\t<\/div>\n\t\t\t\t\t<\/div>\n\t\t<\/section>\n\t\t\t\t<section class=\"elementor-section elementor-top-section elementor-element elementor-element-3e939155 elementor-section-boxed elementor-section-height-default elementor-section-height-default\" data-id=\"3e939155\" data-element_type=\"section\">\n\t\t\t\t\t\t<div class=\"elementor-container elementor-column-gap-default\">\n\t\t\t\t\t<div class=\"elementor-column elementor-col-100 elementor-top-column elementor-element elementor-element-25cf9f4a\" data-id=\"25cf9f4a\" data-element_type=\"column\">\n\t\t\t<div class=\"elementor-widget-wrap elementor-element-populated\">\n\t\t\t\t\t\t<div class=\"elementor-element elementor-element-623fe501 elementor-widget elementor-widget-heading\" data-id=\"623fe501\" data-element_type=\"widget\" data-widget_type=\"heading.default\">\n\t\t\t\t\t<h3 class=\"elementor-heading-title elementor-size-default\">Gdzie dzia\u0142amy<\/h3>\t\t\t\t<\/div>\n\t\t\t\t<div class=\"elementor-element elementor-element-5419a8d7 elementor-widget elementor-widget-text-editor\" data-id=\"5419a8d7\" data-element_type=\"widget\" data-widget_type=\"text-editor.default\">\n\t\t\t\t\t\t\t\t\t<p>Zapraszamy do naszych punkt\u00f3w w <strong>\u017baganiu<\/strong> i <strong>Wiechlicach<\/strong>.<\/p>\t\t\t\t\t\t\t\t<\/div>\n\t\t\t\t\t<\/div>\n\t\t<\/div>\n\t\t\t\t\t<\/div>\n\t\t<\/section>\n\t\t\t\t<\/div>\n\t\t","protected":false},"excerpt":{"rendered":"<p>O nas AllService to lokalna firma us\u0142ugowa dzia\u0142aj\u0105ca w \u017baganiu i Wiechlicach, stworzona z my\u015bl\u0105 o osobach, kt\u00f3re chc\u0105 za\u0142atwi\u0107 [&hellip;]<\/p>\n","protected":false},"author":1,"featured_media":0,"parent":0,"menu_order":0,"comment_status":"closed","ping_status":"closed","template":"","meta":{"site-sidebar-layout":"no-sidebar","site-content-layout":"","ast-site-content-layout":"full-width-container","site-content-style":"default","site-sidebar-style":"default","ast-global-header-display":"","ast-banner-title-visibility":"","ast-main-header-display":"","ast-hfb-above-header-display":"","ast-hfb-below-header-display":"","ast-hfb-mobile-header-display":"","site-post-title":"","ast-breadcrumbs-content":"","ast-featured-img":"disabled","footer-sml-layout":"","ast-disable-related-posts":"","theme-transparent-header-meta":"","adv-header-id-meta":"","stick-header-meta":"","header-above-stick-meta":"","header-main-stick-meta":"","header-below-stick-meta":"","astra-migrate-meta-layouts":"default","ast-page-background-enabled":"default","ast-page-background-meta":{"desktop":{"background-color":"var(--ast-global-color-5)","background-image":"","background-repeat":"repeat","background-position":"center center","background-size":"auto","background-attachment":"scroll","background-type":"","background-media":"","overlay-type":"","overlay-color":"","overlay-opacity":"","overlay-gradient":""},"tablet":{"background-color":"","background-image":"","background-repeat":"repeat","background-position":"center center","background-size":"auto","background-attachment":"scroll","background-type":"","background-media":"","overlay-type":"","overlay-color":"","overlay-opacity":"","overlay-gradient":""},"mobile":{"background-color":"","background-image":"","background-repeat":"repeat","background-position":"center center","background-size":"auto","background-attachment":"scroll","background-type":"","background-media":"","overlay-type":"","overlay-color":"","overlay-opacity":"","overlay-gradient":""}},"ast-content-background-meta":{"desktop":{"background-color":"var(--ast-global-color-4)","background-image":"","background-repeat":"repeat","background-position":"center center","background-size":"auto","background-attachment":"scroll","background-type":"","background-media":"","overlay-type":"","overlay-color":"","overlay-opacity":"","overlay-gradient":""},"tablet":{"background-color":"var(--ast-global-color-4)","background-image":"","background-repeat":"repeat","background-position":"center center","background-size":"auto","background-attachment":"scroll","background-type":"","background-media":"","overlay-type":"","overlay-color":"","overlay-opacity":"","overlay-gradient":""},"mobile":{"background-color":"var(--ast-global-color-4)","background-image":"","background-repeat":"repeat","background-position":"center center","background-size":"auto","background-attachment":"scroll","background-type":"","background-media":"","overlay-type":"","overlay-color":"","overlay-opacity":"","overlay-gradient":""}},"footnotes":""},"class_list":["post-44","page","type-page","status-publish","hentry"],"yoast_head":"<!-- This site is optimized with the Yoast SEO plugin v26.6 - https:\/\/yoast.com\/wordpress\/plugins\/seo\/ -->\n<title>O nas -<\/title>\n<meta name=\"robots\" content=\"index, follow, max-snippet:-1, max-image-preview:large, max-video-preview:-1\" \/>\n<link rel=\"canonical\" href=\"http:\/\/allservicemichalaga.pl\/?page_id=44\" \/>\n<meta property=\"og:locale\" content=\"pl_PL\" \/>\n<meta property=\"og:type\" content=\"article\" \/>\n<meta property=\"og:title\" content=\"O nas -\" \/>\n<meta property=\"og:description\" content=\"O nas AllService to lokalna firma us\u0142ugowa dzia\u0142aj\u0105ca w \u017baganiu i Wiechlicach, stworzona z my\u015bl\u0105 o osobach, kt\u00f3re chc\u0105 za\u0142atwi\u0107 [&hellip;]\" \/>\n<meta property=\"og:url\" content=\"http:\/\/allservicemichalaga.pl\/?page_id=44\" \/>\n<meta property=\"article:modified_time\" content=\"2026-01-09T14:11:12+00:00\" \/>\n<meta property=\"og:image\" content=\"http:\/\/allservicemichalaga.pl\/wp-content\/uploads\/2026\/01\/Zrzut-ekranu-2026-01-09-150430.png\" \/>\n<meta name=\"twitter:card\" content=\"summary_large_image\" \/>\n<meta name=\"twitter:label1\" content=\"Szacowany czas czytania\" \/>\n\t<meta name=\"twitter:data1\" content=\"2 minuty\" \/>\n<script type=\"application\/ld+json\" class=\"yoast-schema-graph\">{\"@context\":\"https:\/\/schema.org\",\"@graph\":[{\"@type\":\"WebPage\",\"@id\":\"http:\/\/allservicemichalaga.pl\/?page_id=44\",\"url\":\"http:\/\/allservicemichalaga.pl\/?page_id=44\",\"name\":\"O nas -\",\"isPartOf\":{\"@id\":\"https:\/\/allservicemichalaga.pl\/#website\"},\"primaryImageOfPage\":{\"@id\":\"http:\/\/allservicemichalaga.pl\/?page_id=44#primaryimage\"},\"image\":{\"@id\":\"http:\/\/allservicemichalaga.pl\/?page_id=44#primaryimage\"},\"thumbnailUrl\":\"http:\/\/allservicemichalaga.pl\/wp-content\/uploads\/2026\/01\/Zrzut-ekranu-2026-01-09-150430.png\",\"datePublished\":\"2026-01-06T20:52:20+00:00\",\"dateModified\":\"2026-01-09T14:11:12+00:00\",\"breadcrumb\":{\"@id\":\"http:\/\/allservicemichalaga.pl\/?page_id=44#breadcrumb\"},\"inLanguage\":\"pl-PL\",\"potentialAction\":[{\"@type\":\"ReadAction\",\"target\":[\"http:\/\/allservicemichalaga.pl\/?page_id=44\"]}]},{\"@type\":\"ImageObject\",\"inLanguage\":\"pl-PL\",\"@id\":\"http:\/\/allservicemichalaga.pl\/?page_id=44#primaryimage\",\"url\":\"http:\/\/allservicemichalaga.pl\/wp-content\/uploads\/2026\/01\/Zrzut-ekranu-2026-01-09-150430.png\",\"contentUrl\":\"http:\/\/allservicemichalaga.pl\/wp-content\/uploads\/2026\/01\/Zrzut-ekranu-2026-01-09-150430.png\",\"width\":243,\"height\":250},{\"@type\":\"BreadcrumbList\",\"@id\":\"http:\/\/allservicemichalaga.pl\/?page_id=44#breadcrumb\",\"itemListElement\":[{\"@type\":\"ListItem\",\"position\":1,\"name\":\"Strona g\u0142\u00f3wna\",\"item\":\"https:\/\/allservicemichalaga.pl\/\"},{\"@type\":\"ListItem\",\"position\":2,\"name\":\"O nas\"}]},{\"@type\":\"WebSite\",\"@id\":\"https:\/\/allservicemichalaga.pl\/#website\",\"url\":\"https:\/\/allservicemichalaga.pl\/\",\"name\":\"\",\"description\":\"Twoje Centrum Spraw\",\"potentialAction\":[{\"@type\":\"SearchAction\",\"target\":{\"@type\":\"EntryPoint\",\"urlTemplate\":\"https:\/\/allservicemichalaga.pl\/?s={search_term_string}\"},\"query-input\":{\"@type\":\"PropertyValueSpecification\",\"valueRequired\":true,\"valueName\":\"search_term_string\"}}],\"inLanguage\":\"pl-PL\"}]}<\/script>\n<!-- \/ Yoast SEO plugin. -->","yoast_head_json":{"title":"O nas -","robots":{"index":"index","follow":"follow","max-snippet":"max-snippet:-1","max-image-preview":"max-image-preview:large","max-video-preview":"max-video-preview:-1"},"canonical":"http:\/\/allservicemichalaga.pl\/?page_id=44","og_locale":"pl_PL","og_type":"article","og_title":"O nas -","og_description":"O nas AllService to lokalna firma us\u0142ugowa dzia\u0142aj\u0105ca w \u017baganiu i Wiechlicach, stworzona z my\u015bl\u0105 o osobach, kt\u00f3re chc\u0105 za\u0142atwi\u0107 [&hellip;]","og_url":"http:\/\/allservicemichalaga.pl\/?page_id=44","article_modified_time":"2026-01-09T14:11:12+00:00","og_image":[{"url":"http:\/\/allservicemichalaga.pl\/wp-content\/uploads\/2026\/01\/Zrzut-ekranu-2026-01-09-150430.png","type":"","width":"","height":""}],"twitter_card":"summary_large_image","twitter_misc":{"Szacowany czas czytania":"2 minuty"},"schema":{"@context":"https:\/\/schema.org","@graph":[{"@type":"WebPage","@id":"http:\/\/allservicemichalaga.pl\/?page_id=44","url":"http:\/\/allservicemichalaga.pl\/?page_id=44","name":"O nas -","isPartOf":{"@id":"https:\/\/allservicemichalaga.pl\/#website"},"primaryImageOfPage":{"@id":"http:\/\/allservicemichalaga.pl\/?page_id=44#primaryimage"},"image":{"@id":"http:\/\/allservicemichalaga.pl\/?page_id=44#primaryimage"},"thumbnailUrl":"http:\/\/allservicemichalaga.pl\/wp-content\/uploads\/2026\/01\/Zrzut-ekranu-2026-01-09-150430.png","datePublished":"2026-01-06T20:52:20+00:00","dateModified":"2026-01-09T14:11:12+00:00","breadcrumb":{"@id":"http:\/\/allservicemichalaga.pl\/?page_id=44#breadcrumb"},"inLanguage":"pl-PL","potentialAction":[{"@type":"ReadAction","target":["http:\/\/allservicemichalaga.pl\/?page_id=44"]}]},{"@type":"ImageObject","inLanguage":"pl-PL","@id":"http:\/\/allservicemichalaga.pl\/?page_id=44#primaryimage","url":"http:\/\/allservicemichalaga.pl\/wp-content\/uploads\/2026\/01\/Zrzut-ekranu-2026-01-09-150430.png","contentUrl":"http:\/\/allservicemichalaga.pl\/wp-content\/uploads\/2026\/01\/Zrzut-ekranu-2026-01-09-150430.png","width":243,"height":250},{"@type":"BreadcrumbList","@id":"http:\/\/allservicemichalaga.pl\/?page_id=44#breadcrumb","itemListElement":[{"@type":"ListItem","position":1,"name":"Strona g\u0142\u00f3wna","item":"https:\/\/allservicemichalaga.pl\/"},{"@type":"ListItem","position":2,"name":"O nas"}]},{"@type":"WebSite","@id":"https:\/\/allservicemichalaga.pl\/#website","url":"https:\/\/allservicemichalaga.pl\/","name":"","description":"Twoje Centrum Spraw","potentialAction":[{"@type":"SearchAction","target":{"@type":"EntryPoint","urlTemplate":"https:\/\/allservicemichalaga.pl\/?s={search_term_string}"},"query-input":{"@type":"PropertyValueSpecification","valueRequired":true,"valueName":"search_term_string"}}],"inLanguage":"pl-PL"}]}},"_links":{"self":[{"href":"http:\/\/allservicemichalaga.pl\/index.php?rest_route=\/wp\/v2\/pages\/44","targetHints":{"allow":["GET"]}}],"collection":[{"href":"http:\/\/allservicemichalaga.pl\/index.php?rest_route=\/wp\/v2\/pages"}],"about":[{"href":"http:\/\/allservicemichalaga.pl\/index.php?rest_route=\/wp\/v2\/types\/page"}],"author":[{"embeddable":true,"href":"http:\/\/allservicemichalaga.pl\/index.php?rest_route=\/wp\/v2\/users\/1"}],"replies":[{"embeddable":true,"href":"http:\/\/allservicemichalaga.pl\/index.php?rest_route=%2Fwp%2Fv2%2Fcomments&post=44"}],"version-history":[{"count":7,"href":"http:\/\/allservicemichalaga.pl\/index.php?rest_route=\/wp\/v2\/pages\/44\/revisions"}],"predecessor-version":[{"id":202,"href":"http:\/\/allservicemichalaga.pl\/index.php?rest_route=\/wp\/v2\/pages\/44\/revisions\/202"}],"wp:attachment":[{"href":"http:\/\/allservicemichalaga.pl\/index.php?rest_route=%2Fwp%2Fv2%2Fmedia&parent=44"}],"curies":[{"name":"wp","href":"https:\/\/api.w.org\/{rel}","templated":true}]}}