{"id":39,"date":"2026-01-06T21:48:54","date_gmt":"2026-01-06T20:48:54","guid":{"rendered":"http:\/\/allservicemichalaga.pl\/?page_id=39"},"modified":"2026-01-11T23:21:37","modified_gmt":"2026-01-11T22:21:37","slug":"tlumaczenia","status":"publish","type":"page","link":"http:\/\/allservicemichalaga.pl\/?page_id=39","title":{"rendered":"T\u0142umaczenia"},"content":{"rendered":"\t\t<div data-elementor-type=\"wp-page\" data-elementor-id=\"39\" class=\"elementor elementor-39\">\n\t\t\t\t\t\t<section class=\"elementor-section elementor-top-section elementor-element elementor-element-3185a4f5 elementor-section-boxed elementor-section-height-default elementor-section-height-default\" data-id=\"3185a4f5\" data-element_type=\"section\" data-settings=\"{&quot;background_background&quot;:&quot;classic&quot;}\">\n\t\t\t\t\t\t<div class=\"elementor-container elementor-column-gap-default\">\n\t\t\t\t\t<div class=\"elementor-column elementor-col-100 elementor-top-column elementor-element elementor-element-59e539d8\" data-id=\"59e539d8\" data-element_type=\"column\">\n\t\t\t<div class=\"elementor-widget-wrap elementor-element-populated\">\n\t\t\t\t\t\t<div class=\"elementor-element elementor-element-3c926696 elementor-widget elementor-widget-heading\" data-id=\"3c926696\" data-element_type=\"widget\" data-widget_type=\"heading.default\">\n\t\t\t\t\t<h1 class=\"elementor-heading-title elementor-size-default\">Po\u015brednik t\u0142umacze\u0144 dokument\u00f3w<\/h1>\t\t\t\t<\/div>\n\t\t\t\t<div class=\"elementor-element elementor-element-5267b7ff elementor-widget elementor-widget-text-editor\" data-id=\"5267b7ff\" data-element_type=\"widget\" data-widget_type=\"text-editor.default\">\n\t\t\t\t\t\t\t\t\t<p><strong>T\u0142umaczenia dokument\u00f3w w r\u00f3\u017cnych j\u0119zykach.<\/strong> Pomagamy w szybkim i bezpiecznym przekazaniu dokument\u00f3w do t\u0142umaczenia. Dokumenty mo\u017cesz wys\u0142a\u0107 online lub dostarczy\u0107 osobi\u015bcie do punktu.<\/p><p><strong>Najcz\u0119\u015bciej:<\/strong> niemiecki \u2022 angielski \u2022 francuski (inne j\u0119zyki \u2013 zapytaj).<\/p>\t\t\t\t\t\t\t\t<\/div>\n\t\t\t\t<div class=\"elementor-element elementor-element-43015cda elementor-widget elementor-widget-button\" data-id=\"43015cda\" data-element_type=\"widget\" data-widget_type=\"button.default\">\n\t\t\t\t\t\t\t\t\t\t<a class=\"elementor-button elementor-button-link elementor-size-md\" href=\"#Wy\u015blij%20dokument%20do%20wyceny\" target=\"_blank\">\n\t\t\t\t\t\t<span class=\"elementor-button-content-wrapper\">\n\t\t\t\t\t\t\t\t\t<span class=\"elementor-button-text\">Wy\u015blij dokument do wyceny<\/span>\n\t\t\t\t\t<\/span>\n\t\t\t\t\t<\/a>\n\t\t\t\t\t\t\t\t<\/div>\n\t\t\t\t<div class=\"elementor-element elementor-element-5679a8ab elementor-widget elementor-widget-button\" data-id=\"5679a8ab\" data-element_type=\"widget\" data-widget_type=\"button.default\">\n\t\t\t\t\t\t\t\t\t\t<a class=\"elementor-button elementor-button-link elementor-size-md\" href=\"https:\/\/wa.me\/48787997959?text=Interesuje%20mnie%20t%C5%82umaczenie%20dokument%C3%B3w.%20Prosz%C4%99%20o%20wycen%C4%99.\" target=\"_blank\">\n\t\t\t\t\t\t<span class=\"elementor-button-content-wrapper\">\n\t\t\t\t\t\t\t\t\t<span class=\"elementor-button-text\">WhatsApp \u2013 napisz<\/span>\n\t\t\t\t\t<\/span>\n\t\t\t\t\t<\/a>\n\t\t\t\t\t\t\t\t<\/div>\n\t\t\t\t\t<\/div>\n\t\t<\/div>\n\t\t\t\t\t<\/div>\n\t\t<\/section>\n\t\t\t\t<section class=\"elementor-section elementor-top-section elementor-element elementor-element-77863ea3 elementor-section-boxed elementor-section-height-default elementor-section-height-default\" data-id=\"77863ea3\" data-element_type=\"section\" data-settings=\"{&quot;background_background&quot;:&quot;classic&quot;}\">\n\t\t\t\t\t\t<div class=\"elementor-container elementor-column-gap-default\">\n\t\t\t\t\t<div class=\"elementor-column elementor-col-100 elementor-top-column elementor-element elementor-element-2f368c11\" data-id=\"2f368c11\" data-element_type=\"column\">\n\t\t\t<div class=\"elementor-widget-wrap elementor-element-populated\">\n\t\t\t\t\t\t<div class=\"elementor-element elementor-element-38e2382a elementor-widget elementor-widget-heading\" data-id=\"38e2382a\" data-element_type=\"widget\" data-widget_type=\"heading.default\">\n\t\t\t\t\t<h2 class=\"elementor-heading-title elementor-size-default\">Jakie dokumenty t\u0142umaczymy<\/h2>\t\t\t\t<\/div>\n\t\t\t\t<div class=\"elementor-element elementor-element-26a4d095 elementor-widget elementor-widget-text-editor\" data-id=\"26a4d095\" data-element_type=\"widget\" data-widget_type=\"text-editor.default\">\n\t\t\t\t\t\t\t\t\t\n<ul>\n<li>dowody rejestracyjne i dokumenty pojazd\u00f3w<\/li>\n<li>umowy kupna-sprzeda\u017cy i faktury<\/li>\n<li>pe\u0142nomocnictwa i za\u015bwiadczenia<\/li>\n<li>akty urodzenia, ma\u0142\u017ce\u0144stwa i zgonu<\/li>\n<li>pisma urz\u0119dowe i administracyjne<\/li>\n<li>\u015bwiadectwa szkolne i dyplomy<\/li>\n<li>dokumenty firmowe i CV<\/li>\n<\/ul>\n<p>Je\u015bli nie masz pewno\u015bci, czy dany dokument mo\u017cna przet\u0142umaczy\u0107 \u2014 zapytaj, doradzimy.<\/p>\n\t\t\t\t\t\t\t\t<\/div>\n\t\t\t\t\t<\/div>\n\t\t<\/div>\n\t\t\t\t\t<\/div>\n\t\t<\/section>\n\t\t\t\t<section class=\"elementor-section elementor-top-section elementor-element elementor-element-6e09f52d elementor-section-boxed elementor-section-height-default elementor-section-height-default\" data-id=\"6e09f52d\" data-element_type=\"section\" data-settings=\"{&quot;background_background&quot;:&quot;classic&quot;}\">\n\t\t\t\t\t\t<div class=\"elementor-container elementor-column-gap-default\">\n\t\t\t\t\t<div class=\"elementor-column elementor-col-100 elementor-top-column elementor-element elementor-element-17537631\" data-id=\"17537631\" data-element_type=\"column\">\n\t\t\t<div class=\"elementor-widget-wrap elementor-element-populated\">\n\t\t\t\t\t\t<div class=\"elementor-element elementor-element-2ae28e79 elementor-widget elementor-widget-heading\" data-id=\"2ae28e79\" data-element_type=\"widget\" data-widget_type=\"heading.default\">\n\t\t\t\t\t<h2 class=\"elementor-heading-title elementor-size-default\">Rodzaje t\u0142umacze\u0144<\/h2>\t\t\t\t<\/div>\n\t\t\t\t<div class=\"elementor-element elementor-element-1747d762 elementor-widget elementor-widget-text-editor\" data-id=\"1747d762\" data-element_type=\"widget\" data-widget_type=\"text-editor.default\">\n\t\t\t\t\t\t\t\t\t\n<ul>\n<li><strong>T\u0142umaczenia zwyk\u0142e<\/strong> \u2013 do u\u017cytku prywatnego i firmowego<\/li>\n<li><strong>T\u0142umaczenia przysi\u0119g\u0142e<\/strong> \u2013 wymagane do urz\u0119d\u00f3w i instytucji<\/li>\n<li><strong>T\u0142umaczenia pilne (ekspresowe)<\/strong> \u2013 w miar\u0119 dost\u0119pno\u015bci<\/li>\n<\/ul>\n<p>Nie wiesz, jaki rodzaj t\u0142umaczenia jest potrzebny? Pomo\u017cemy dobra\u0107 odpowiednie rozwi\u0105zanie.<\/p>\n\t\t\t\t\t\t\t\t<\/div>\n\t\t\t\t\t<\/div>\n\t\t<\/div>\n\t\t\t\t\t<\/div>\n\t\t<\/section>\n\t\t\t\t<section class=\"elementor-section elementor-top-section elementor-element elementor-element-59818623 elementor-section-boxed elementor-section-height-default elementor-section-height-default\" data-id=\"59818623\" data-element_type=\"section\" data-settings=\"{&quot;background_background&quot;:&quot;classic&quot;}\">\n\t\t\t\t\t\t<div class=\"elementor-container elementor-column-gap-default\">\n\t\t\t\t\t<div class=\"elementor-column elementor-col-100 elementor-top-column elementor-element elementor-element-47e5e080\" data-id=\"47e5e080\" data-element_type=\"column\">\n\t\t\t<div class=\"elementor-widget-wrap elementor-element-populated\">\n\t\t\t\t\t\t<div class=\"elementor-element elementor-element-3c68827e elementor-widget elementor-widget-heading\" data-id=\"3c68827e\" data-element_type=\"widget\" data-widget_type=\"heading.default\">\n\t\t\t\t\t<h2 class=\"elementor-heading-title elementor-size-default\">Jak to dzia\u0142a \u2013 krok po kroku<\/h2>\t\t\t\t<\/div>\n\t\t\t\t<div class=\"elementor-element elementor-element-866a9cf elementor-widget elementor-widget-text-editor\" data-id=\"866a9cf\" data-element_type=\"widget\" data-widget_type=\"text-editor.default\">\n\t\t\t\t\t\t\t\t\t\n<ol>\n<li><strong>Kontakt<\/strong> \u2013 wysy\u0142asz dokument online (skan\/zdj\u0119cie) lub przynosisz osobi\u015bcie<\/li>\n<li><strong>Weryfikacja<\/strong> \u2013 sprawdzamy dokument, j\u0119zyk i rodzaj t\u0142umaczenia<\/li>\n<li><strong>Wycena i termin<\/strong> \u2013 podajemy koszt i czas realizacji<\/li>\n<li><strong>Realizacja i odbi\u00f3r<\/strong> \u2013 odbierasz t\u0142umaczenie w ustalonej formie<\/li>\n<\/ol>\n\t\t\t\t\t\t\t\t<\/div>\n\t\t\t\t\t<\/div>\n\t\t<\/div>\n\t\t\t\t\t<\/div>\n\t\t<\/section>\n\t\t\t\t<section class=\"elementor-section elementor-top-section elementor-element elementor-element-29d457fe elementor-section-boxed elementor-section-height-default elementor-section-height-default\" data-id=\"29d457fe\" data-element_type=\"section\" data-settings=\"{&quot;background_background&quot;:&quot;classic&quot;}\">\n\t\t\t\t\t\t<div class=\"elementor-container elementor-column-gap-default\">\n\t\t\t\t\t<div class=\"elementor-column elementor-col-100 elementor-top-column elementor-element elementor-element-3d5db5bc\" data-id=\"3d5db5bc\" data-element_type=\"column\">\n\t\t\t<div class=\"elementor-widget-wrap elementor-element-populated\">\n\t\t\t\t\t\t<div class=\"elementor-element elementor-element-36ba1a10 elementor-widget elementor-widget-heading\" data-id=\"36ba1a10\" data-element_type=\"widget\" data-widget_type=\"heading.default\">\n\t\t\t\t\t<h2 class=\"elementor-heading-title elementor-size-default\">Bezpiecze\u0144stwo i poufno\u015b\u0107<\/h2>\t\t\t\t<\/div>\n\t\t\t\t<div class=\"elementor-element elementor-element-3d032572 elementor-widget elementor-widget-text-editor\" data-id=\"3d032572\" data-element_type=\"widget\" data-widget_type=\"text-editor.default\">\n\t\t\t\t\t\t\t\t\t<p>Twoje dokumenty traktujemy <strong>poufnie<\/strong> i wykorzystujemy wy\u0142\u0105cznie do realizacji us\u0142ugi t\u0142umaczenia. Wsp\u00f3\u0142pracujemy ze sprawdzonymi wykonawcami.<\/p>\t\t\t\t\t\t\t\t<\/div>\n\t\t\t\t\t<\/div>\n\t\t<\/div>\n\t\t\t\t\t<\/div>\n\t\t<\/section>\n\t\t\t\t<section class=\"elementor-section elementor-top-section elementor-element elementor-element-5c799f01 elementor-section-boxed elementor-section-height-default elementor-section-height-default\" data-id=\"5c799f01\" data-element_type=\"section\" data-settings=\"{&quot;background_background&quot;:&quot;classic&quot;}\">\n\t\t\t\t\t\t<div class=\"elementor-container elementor-column-gap-default\">\n\t\t\t\t\t<div class=\"elementor-column elementor-col-100 elementor-top-column elementor-element elementor-element-30d671fe\" data-id=\"30d671fe\" data-element_type=\"column\">\n\t\t\t<div class=\"elementor-widget-wrap elementor-element-populated\">\n\t\t\t\t\t\t<div class=\"elementor-element elementor-element-5cc01496 elementor-widget elementor-widget-heading\" data-id=\"5cc01496\" data-element_type=\"widget\" data-widget_type=\"heading.default\">\n\t\t\t\t\t<h2 class=\"elementor-heading-title elementor-size-default\">Wy\u015blij dokument do wyceny<\/h2>\t\t\t\t<\/div>\n\t\t\t\t\t<\/div>\n\t\t<\/div>\n\t\t\t\t\t<\/div>\n\t\t<\/section>\n\t\t<div class=\"elementor-element elementor-element-31434c9 e-flex e-con-boxed e-con e-parent\" data-id=\"31434c9\" data-element_type=\"container\">\n\t\t\t\t\t<div class=\"e-con-inner\">\n\t\t\t\t<div class=\"elementor-element elementor-element-874958a elementor-widget elementor-widget-shortcode\" data-id=\"874958a\" data-element_type=\"widget\" id=\"Wy\u015blij dokument do wyceny\" data-widget_type=\"shortcode.default\">\n\t\t\t\t\t\t\t<div class=\"elementor-shortcode\">\n<div class=\"wpcf7 no-js\" id=\"wpcf7-f239-o1\" lang=\"pl-PL\" dir=\"ltr\" data-wpcf7-id=\"239\">\n<div class=\"screen-reader-response\"><p role=\"status\" aria-live=\"polite\" aria-atomic=\"true\"><\/p> <ul><\/ul><\/div>\n<form action=\"\/index.php?rest_route=%2Fwp%2Fv2%2Fpages%2F39#wpcf7-f239-o1\" method=\"post\" class=\"wpcf7-form init\" aria-label=\"Formularz kontaktowy\" enctype=\"multipart\/form-data\" novalidate=\"novalidate\" data-status=\"init\">\n<fieldset class=\"hidden-fields-container\"><input type=\"hidden\" name=\"_wpcf7\" value=\"239\" \/><input type=\"hidden\" name=\"_wpcf7_version\" value=\"6.1.4\" \/><input type=\"hidden\" name=\"_wpcf7_locale\" value=\"pl_PL\" \/><input type=\"hidden\" name=\"_wpcf7_unit_tag\" value=\"wpcf7-f239-o1\" \/><input type=\"hidden\" name=\"_wpcf7_container_post\" value=\"0\" \/><input type=\"hidden\" name=\"_wpcf7_posted_data_hash\" value=\"\" \/>\n<\/fieldset>\n<p><label> Imi\u0119 i nazwisko*<br \/>\n<span class=\"wpcf7-form-control-wrap\" data-name=\"your-name\"><input size=\"40\" maxlength=\"400\" class=\"wpcf7-form-control wpcf7-text wpcf7-validates-as-required\" aria-required=\"true\" aria-invalid=\"false\" value=\"\" type=\"text\" name=\"your-name\" \/><\/span> <\/label>\n<\/p>\n<p><label> Telefon*<br \/>\n<span class=\"wpcf7-form-control-wrap\" data-name=\"your-phone\"><input size=\"40\" maxlength=\"400\" class=\"wpcf7-form-control wpcf7-tel wpcf7-validates-as-required wpcf7-text wpcf7-validates-as-tel\" aria-required=\"true\" aria-invalid=\"false\" value=\"\" type=\"tel\" name=\"your-phone\" \/><\/span> <\/label>\n<\/p>\n<p><label> E-mail*<br \/>\n<span class=\"wpcf7-form-control-wrap\" data-name=\"your-email\"><input size=\"40\" maxlength=\"400\" class=\"wpcf7-form-control wpcf7-email wpcf7-validates-as-required wpcf7-text wpcf7-validates-as-email\" aria-required=\"true\" aria-invalid=\"false\" value=\"\" type=\"email\" name=\"your-email\" \/><\/span> <\/label>\n<\/p>\n<p><label> J\u0119zyk t\u0142umaczenia*<br \/>\n<span class=\"wpcf7-form-control-wrap\" data-name=\"language\"><select class=\"wpcf7-form-control wpcf7-select wpcf7-validates-as-required\" aria-required=\"true\" aria-invalid=\"false\" name=\"language\"><option value=\"Niemiecki\">Niemiecki<\/option><option value=\"Angielski\">Angielski<\/option><option value=\"Francuski\">Francuski<\/option><option value=\"Inny\">Inny<\/option><\/select><\/span> <\/label>\n<\/p>\n<p><label> Rodzaj t\u0142umaczenia*<br \/>\n<span class=\"wpcf7-form-control-wrap\" data-name=\"translation_type\"><select class=\"wpcf7-form-control wpcf7-select wpcf7-validates-as-required\" aria-required=\"true\" aria-invalid=\"false\" name=\"translation_type\"><option value=\"Zwyk\u0142e\">Zwyk\u0142e<\/option><option value=\"Przysi\u0119g\u0142e\">Przysi\u0119g\u0142e<\/option><option value=\"Nie wiem\">Nie wiem<\/option><\/select><\/span> <\/label>\n<\/p>\n<p><label> Za\u0142\u0105cz dokument (PDF\/JPG\/PNG, max 10MB)*<br \/>\n<span class=\"wpcf7-form-control-wrap\" data-name=\"doc-file\"><input size=\"40\" class=\"wpcf7-form-control wpcf7-file wpcf7-validates-as-required\" accept=\".pdf,.jpg,.jpeg,.png\" aria-required=\"true\" aria-invalid=\"false\" type=\"file\" name=\"doc-file\" \/><\/span> <\/label>\n<\/p>\n<p><label> Wiadomo\u015b\u0107<br \/>\n<span class=\"wpcf7-form-control-wrap\" data-name=\"message\"><textarea cols=\"40\" rows=\"10\" maxlength=\"2000\" class=\"wpcf7-form-control wpcf7-textarea\" aria-invalid=\"false\" name=\"message\"><\/textarea><\/span> <\/label>\n<\/p>\n<p>[label rodo]<br \/>\n[acceptance* rodo] Wyra\u017cam zgod\u0119 na przetwarzanie moich danych osobowych w celu kontaktu i realizacji us\u0142ugi zgodnie z RODO. [\/acceptance]\n<\/p>\n<p><input class=\"wpcf7-form-control wpcf7-submit has-spinner\" type=\"submit\" value=\"Wy\u015blij dokument do wyceny\" \/>\n<\/p><div class=\"wpcf7-response-output\" aria-hidden=\"true\"><\/div>\n<\/form>\n<\/div>\n\n<\/div>\n\t\t\t\t\t\t<\/div>\n\t\t\t\t\t<\/div>\n\t\t\t\t<\/div>\n\t\t\t\t<\/div>\n\t\t","protected":false},"excerpt":{"rendered":"<p>Po\u015brednik t\u0142umacze\u0144 dokument\u00f3w T\u0142umaczenia dokument\u00f3w w r\u00f3\u017cnych j\u0119zykach. Pomagamy w szybkim i bezpiecznym przekazaniu dokument\u00f3w do t\u0142umaczenia. Dokumenty mo\u017cesz wys\u0142a\u0107 [&hellip;]<\/p>\n","protected":false},"author":1,"featured_media":0,"parent":0,"menu_order":0,"comment_status":"closed","ping_status":"closed","template":"","meta":{"site-sidebar-layout":"no-sidebar","site-content-layout":"","ast-site-content-layout":"full-width-container","site-content-style":"default","site-sidebar-style":"default","ast-global-header-display":"","ast-banner-title-visibility":"","ast-main-header-display":"","ast-hfb-above-header-display":"","ast-hfb-below-header-display":"","ast-hfb-mobile-header-display":"","site-post-title":"","ast-breadcrumbs-content":"","ast-featured-img":"disabled","footer-sml-layout":"","ast-disable-related-posts":"","theme-transparent-header-meta":"","adv-header-id-meta":"","stick-header-meta":"","header-above-stick-meta":"","header-main-stick-meta":"","header-below-stick-meta":"","astra-migrate-meta-layouts":"default","ast-page-background-enabled":"default","ast-page-background-meta":{"desktop":{"background-color":"var(--ast-global-color-5)","background-image":"","background-repeat":"repeat","background-position":"center center","background-size":"auto","background-attachment":"scroll","background-type":"","background-media":"","overlay-type":"","overlay-color":"","overlay-opacity":"","overlay-gradient":""},"tablet":{"background-color":"","background-image":"","background-repeat":"repeat","background-position":"center center","background-size":"auto","background-attachment":"scroll","background-type":"","background-media":"","overlay-type":"","overlay-color":"","overlay-opacity":"","overlay-gradient":""},"mobile":{"background-color":"","background-image":"","background-repeat":"repeat","background-position":"center center","background-size":"auto","background-attachment":"scroll","background-type":"","background-media":"","overlay-type":"","overlay-color":"","overlay-opacity":"","overlay-gradient":""}},"ast-content-background-meta":{"desktop":{"background-color":"var(--ast-global-color-4)","background-image":"","background-repeat":"repeat","background-position":"center center","background-size":"auto","background-attachment":"scroll","background-type":"","background-media":"","overlay-type":"","overlay-color":"","overlay-opacity":"","overlay-gradient":""},"tablet":{"background-color":"var(--ast-global-color-4)","background-image":"","background-repeat":"repeat","background-position":"center center","background-size":"auto","background-attachment":"scroll","background-type":"","background-media":"","overlay-type":"","overlay-color":"","overlay-opacity":"","overlay-gradient":""},"mobile":{"background-color":"var(--ast-global-color-4)","background-image":"","background-repeat":"repeat","background-position":"center center","background-size":"auto","background-attachment":"scroll","background-type":"","background-media":"","overlay-type":"","overlay-color":"","overlay-opacity":"","overlay-gradient":""}},"footnotes":""},"class_list":["post-39","page","type-page","status-publish","hentry"],"yoast_head":"<!-- This site is optimized with the Yoast SEO plugin v26.6 - https:\/\/yoast.com\/wordpress\/plugins\/seo\/ -->\n<title>T\u0142umaczenia -<\/title>\n<meta name=\"robots\" content=\"index, follow, max-snippet:-1, max-image-preview:large, max-video-preview:-1\" \/>\n<link rel=\"canonical\" href=\"http:\/\/allservicemichalaga.pl\/?page_id=39\" \/>\n<meta property=\"og:locale\" content=\"pl_PL\" \/>\n<meta property=\"og:type\" content=\"article\" \/>\n<meta property=\"og:title\" content=\"T\u0142umaczenia -\" \/>\n<meta property=\"og:description\" content=\"Po\u015brednik t\u0142umacze\u0144 dokument\u00f3w T\u0142umaczenia dokument\u00f3w w r\u00f3\u017cnych j\u0119zykach. Pomagamy w szybkim i bezpiecznym przekazaniu dokument\u00f3w do t\u0142umaczenia. Dokumenty mo\u017cesz wys\u0142a\u0107 [&hellip;]\" \/>\n<meta property=\"og:url\" content=\"http:\/\/allservicemichalaga.pl\/?page_id=39\" \/>\n<meta property=\"article:modified_time\" content=\"2026-01-11T22:21:37+00:00\" \/>\n<meta name=\"twitter:card\" content=\"summary_large_image\" \/>\n<meta name=\"twitter:label1\" content=\"Szacowany czas czytania\" \/>\n\t<meta name=\"twitter:data1\" content=\"2 minuty\" \/>\n<script type=\"application\/ld+json\" class=\"yoast-schema-graph\">{\"@context\":\"https:\/\/schema.org\",\"@graph\":[{\"@type\":\"WebPage\",\"@id\":\"http:\/\/allservicemichalaga.pl\/?page_id=39\",\"url\":\"http:\/\/allservicemichalaga.pl\/?page_id=39\",\"name\":\"T\u0142umaczenia -\",\"isPartOf\":{\"@id\":\"https:\/\/allservicemichalaga.pl\/#website\"},\"datePublished\":\"2026-01-06T20:48:54+00:00\",\"dateModified\":\"2026-01-11T22:21:37+00:00\",\"breadcrumb\":{\"@id\":\"http:\/\/allservicemichalaga.pl\/?page_id=39#breadcrumb\"},\"inLanguage\":\"pl-PL\",\"potentialAction\":[{\"@type\":\"ReadAction\",\"target\":[\"http:\/\/allservicemichalaga.pl\/?page_id=39\"]}]},{\"@type\":\"BreadcrumbList\",\"@id\":\"http:\/\/allservicemichalaga.pl\/?page_id=39#breadcrumb\",\"itemListElement\":[{\"@type\":\"ListItem\",\"position\":1,\"name\":\"Strona g\u0142\u00f3wna\",\"item\":\"https:\/\/allservicemichalaga.pl\/\"},{\"@type\":\"ListItem\",\"position\":2,\"name\":\"T\u0142umaczenia\"}]},{\"@type\":\"WebSite\",\"@id\":\"https:\/\/allservicemichalaga.pl\/#website\",\"url\":\"https:\/\/allservicemichalaga.pl\/\",\"name\":\"\",\"description\":\"Twoje Centrum Spraw\",\"potentialAction\":[{\"@type\":\"SearchAction\",\"target\":{\"@type\":\"EntryPoint\",\"urlTemplate\":\"https:\/\/allservicemichalaga.pl\/?s={search_term_string}\"},\"query-input\":{\"@type\":\"PropertyValueSpecification\",\"valueRequired\":true,\"valueName\":\"search_term_string\"}}],\"inLanguage\":\"pl-PL\"}]}<\/script>\n<!-- \/ Yoast SEO plugin. -->","yoast_head_json":{"title":"T\u0142umaczenia -","robots":{"index":"index","follow":"follow","max-snippet":"max-snippet:-1","max-image-preview":"max-image-preview:large","max-video-preview":"max-video-preview:-1"},"canonical":"http:\/\/allservicemichalaga.pl\/?page_id=39","og_locale":"pl_PL","og_type":"article","og_title":"T\u0142umaczenia -","og_description":"Po\u015brednik t\u0142umacze\u0144 dokument\u00f3w T\u0142umaczenia dokument\u00f3w w r\u00f3\u017cnych j\u0119zykach. Pomagamy w szybkim i bezpiecznym przekazaniu dokument\u00f3w do t\u0142umaczenia. Dokumenty mo\u017cesz wys\u0142a\u0107 [&hellip;]","og_url":"http:\/\/allservicemichalaga.pl\/?page_id=39","article_modified_time":"2026-01-11T22:21:37+00:00","twitter_card":"summary_large_image","twitter_misc":{"Szacowany czas czytania":"2 minuty"},"schema":{"@context":"https:\/\/schema.org","@graph":[{"@type":"WebPage","@id":"http:\/\/allservicemichalaga.pl\/?page_id=39","url":"http:\/\/allservicemichalaga.pl\/?page_id=39","name":"T\u0142umaczenia -","isPartOf":{"@id":"https:\/\/allservicemichalaga.pl\/#website"},"datePublished":"2026-01-06T20:48:54+00:00","dateModified":"2026-01-11T22:21:37+00:00","breadcrumb":{"@id":"http:\/\/allservicemichalaga.pl\/?page_id=39#breadcrumb"},"inLanguage":"pl-PL","potentialAction":[{"@type":"ReadAction","target":["http:\/\/allservicemichalaga.pl\/?page_id=39"]}]},{"@type":"BreadcrumbList","@id":"http:\/\/allservicemichalaga.pl\/?page_id=39#breadcrumb","itemListElement":[{"@type":"ListItem","position":1,"name":"Strona g\u0142\u00f3wna","item":"https:\/\/allservicemichalaga.pl\/"},{"@type":"ListItem","position":2,"name":"T\u0142umaczenia"}]},{"@type":"WebSite","@id":"https:\/\/allservicemichalaga.pl\/#website","url":"https:\/\/allservicemichalaga.pl\/","name":"","description":"Twoje Centrum Spraw","potentialAction":[{"@type":"SearchAction","target":{"@type":"EntryPoint","urlTemplate":"https:\/\/allservicemichalaga.pl\/?s={search_term_string}"},"query-input":{"@type":"PropertyValueSpecification","valueRequired":true,"valueName":"search_term_string"}}],"inLanguage":"pl-PL"}]}},"_links":{"self":[{"href":"http:\/\/allservicemichalaga.pl\/index.php?rest_route=\/wp\/v2\/pages\/39","targetHints":{"allow":["GET"]}}],"collection":[{"href":"http:\/\/allservicemichalaga.pl\/index.php?rest_route=\/wp\/v2\/pages"}],"about":[{"href":"http:\/\/allservicemichalaga.pl\/index.php?rest_route=\/wp\/v2\/types\/page"}],"author":[{"embeddable":true,"href":"http:\/\/allservicemichalaga.pl\/index.php?rest_route=\/wp\/v2\/users\/1"}],"replies":[{"embeddable":true,"href":"http:\/\/allservicemichalaga.pl\/index.php?rest_route=%2Fwp%2Fv2%2Fcomments&post=39"}],"version-history":[{"count":10,"href":"http:\/\/allservicemichalaga.pl\/index.php?rest_route=\/wp\/v2\/pages\/39\/revisions"}],"predecessor-version":[{"id":263,"href":"http:\/\/allservicemichalaga.pl\/index.php?rest_route=\/wp\/v2\/pages\/39\/revisions\/263"}],"wp:attachment":[{"href":"http:\/\/allservicemichalaga.pl\/index.php?rest_route=%2Fwp%2Fv2%2Fmedia&parent=39"}],"curies":[{"name":"wp","href":"https:\/\/api.w.org\/{rel}","templated":true}]}}