{"id":33,"date":"2026-01-06T21:47:39","date_gmt":"2026-01-06T20:47:39","guid":{"rendered":"http:\/\/allservicemichalaga.pl\/?page_id=33"},"modified":"2026-01-09T12:53:37","modified_gmt":"2026-01-09T11:53:37","slug":"rejestracja-pojazdow","status":"publish","type":"page","link":"http:\/\/allservicemichalaga.pl\/?page_id=33","title":{"rendered":"Rejestracja Pojazd\u00f3w"},"content":{"rendered":"\t\t<div data-elementor-type=\"wp-page\" data-elementor-id=\"33\" class=\"elementor elementor-33\">\n\t\t\t\t\t\t<section class=\"elementor-section elementor-top-section elementor-element elementor-element-3bcf216f elementor-section-boxed elementor-section-height-default elementor-section-height-default\" data-id=\"3bcf216f\" data-element_type=\"section\" data-settings=\"{&quot;background_background&quot;:&quot;classic&quot;}\">\n\t\t\t\t\t\t<div class=\"elementor-container elementor-column-gap-default\">\n\t\t\t\t\t<div class=\"elementor-column elementor-col-55 elementor-top-column elementor-element elementor-element-20c231f1\" data-id=\"20c231f1\" data-element_type=\"column\">\n\t\t\t<div class=\"elementor-widget-wrap elementor-element-populated\">\n\t\t\t\t\t\t<div class=\"elementor-element elementor-element-686b51c8 elementor-widget elementor-widget-heading\" data-id=\"686b51c8\" data-element_type=\"widget\" data-widget_type=\"heading.default\">\n\t\t\t\t\t<h1 class=\"elementor-heading-title elementor-size-default\">Rejestracja pojazd\u00f3w \u2013 po\u015brednik<\/h1>\t\t\t\t<\/div>\n\t\t\t\t<div class=\"elementor-element elementor-element-24e4c2b1 elementor-widget elementor-widget-text-editor\" data-id=\"24e4c2b1\" data-element_type=\"widget\" data-widget_type=\"text-editor.default\">\n\t\t\t\t\t\t\t\t\t<h4>Za\u0142atwiamy formalno\u015bci zwi\u0105zane z rejestracj\u0105 pojazd\u00f3w z Polski i z zagranicy. Oszcz\u0119dzasz czas, unikasz b\u0142\u0119d\u00f3w i kolejek \u2014 my prowadzimy Ci\u0119 przez ca\u0142y proces.<\/h4>\t\t\t\t\t\t\t\t<\/div>\n\t\t\t\t<div class=\"elementor-element elementor-element-1e9d5ec9 elementor-widget elementor-widget-button\" data-id=\"1e9d5ec9\" data-element_type=\"widget\" data-widget_type=\"button.default\">\n\t\t\t\t\t\t\t\t\t\t<a class=\"elementor-button elementor-button-link elementor-size-md\" href=\"tel:+48787997959\">\n\t\t\t\t\t\t<span class=\"elementor-button-content-wrapper\">\n\t\t\t\t\t\t\t\t\t<span class=\"elementor-button-text\">Zadzwo\u0144: 787 997 959<\/span>\n\t\t\t\t\t<\/span>\n\t\t\t\t\t<\/a>\n\t\t\t\t\t\t\t\t<\/div>\n\t\t\t\t<div class=\"elementor-element elementor-element-1a2d0c2f elementor-widget elementor-widget-button\" data-id=\"1a2d0c2f\" data-element_type=\"widget\" data-widget_type=\"button.default\">\n\t\t\t\t\t\t\t\t\t\t<a class=\"elementor-button elementor-button-link elementor-size-md\" href=\"https:\/\/wa.me\/48787997959?text=Interesuje%20mnie%20rejestracja%20pojazdu.%20Prosz%C4%99%20o%20kontakt.\">\n\t\t\t\t\t\t<span class=\"elementor-button-content-wrapper\">\n\t\t\t\t\t\t\t\t\t<span class=\"elementor-button-text\">WhatsApp \u2013 napisz<\/span>\n\t\t\t\t\t<\/span>\n\t\t\t\t\t<\/a>\n\t\t\t\t\t\t\t\t<\/div>\n\t\t\t\t\t<\/div>\n\t\t<\/div>\n\t\t\t\t<div class=\"elementor-column elementor-col-45 elementor-top-column elementor-element elementor-element-109fa8b3\" data-id=\"109fa8b3\" data-element_type=\"column\">\n\t\t\t<div class=\"elementor-widget-wrap elementor-element-populated\">\n\t\t\t\t\t\t<div class=\"elementor-element elementor-element-3a703c7d elementor-widget elementor-widget-image\" data-id=\"3a703c7d\" data-element_type=\"widget\" data-widget_type=\"image.default\">\n\t\t\t\t\t\t\t\t\t\t\t\t\t\t\t<img fetchpriority=\"high\" decoding=\"async\" width=\"1024\" height=\"683\" src=\"http:\/\/allservicemichalaga.pl\/wp-content\/uploads\/2026\/01\/001d9e12-8aa9-4d0f-93c6-d4361b72cf2a-1024x683.png\" class=\"attachment-large size-large wp-image-166\" alt=\"\" srcset=\"http:\/\/allservicemichalaga.pl\/wp-content\/uploads\/2026\/01\/001d9e12-8aa9-4d0f-93c6-d4361b72cf2a-1024x683.png 1024w, http:\/\/allservicemichalaga.pl\/wp-content\/uploads\/2026\/01\/001d9e12-8aa9-4d0f-93c6-d4361b72cf2a-300x200.png 300w, http:\/\/allservicemichalaga.pl\/wp-content\/uploads\/2026\/01\/001d9e12-8aa9-4d0f-93c6-d4361b72cf2a-768x512.png 768w, http:\/\/allservicemichalaga.pl\/wp-content\/uploads\/2026\/01\/001d9e12-8aa9-4d0f-93c6-d4361b72cf2a.png 1536w\" sizes=\"(max-width: 1024px) 100vw, 1024px\" \/>\t\t\t\t\t\t\t\t\t\t\t\t\t\t\t<\/div>\n\t\t\t\t\t<\/div>\n\t\t<\/div>\n\t\t\t\t\t<\/div>\n\t\t<\/section>\n\t\t\t\t<section class=\"elementor-section elementor-top-section elementor-element elementor-element-1f76c931 elementor-section-boxed elementor-section-height-default elementor-section-height-default\" data-id=\"1f76c931\" data-element_type=\"section\">\n\t\t\t\t\t\t<div class=\"elementor-container elementor-column-gap-default\">\n\t\t\t\t\t<div class=\"elementor-column elementor-col-60 elementor-top-column elementor-element elementor-element-4a04ed09\" data-id=\"4a04ed09\" data-element_type=\"column\">\n\t\t\t<div class=\"elementor-widget-wrap elementor-element-populated\">\n\t\t\t\t\t\t<div class=\"elementor-element elementor-element-3c8d2cd3 elementor-widget elementor-widget-heading\" data-id=\"3c8d2cd3\" data-element_type=\"widget\" data-widget_type=\"heading.default\">\n\t\t\t\t\t<h2 class=\"elementor-heading-title elementor-size-default\">Rejestracja pojazd\u00f3w z zagranicy<\/h2>\t\t\t\t<\/div>\n\t\t\t\t<div class=\"elementor-element elementor-element-2c0d5ef6 elementor-widget elementor-widget-text-editor\" data-id=\"2c0d5ef6\" data-element_type=\"widget\" data-widget_type=\"text-editor.default\">\n\t\t\t\t\t\t\t\t\t<h4>Rejestrujemy samochody sprowadzone m.in. z:<\/h4><ul><li><h4>Niemiec<\/h4><\/li><li><h4>Holandii<\/h4><\/li><li><h4>Belgii<\/h4><\/li><li><h4>Francji<\/h4><\/li><li><h4>innych kraj\u00f3w UE<\/h4><\/li><\/ul><h4>Pomagamy w przygotowaniu pe\u0142nej dokumentacji wymaganej do rejestracji w Polsce.<\/h4>\t\t\t\t\t\t\t\t<\/div>\n\t\t\t\t\t<\/div>\n\t\t<\/div>\n\t\t\t\t<div class=\"elementor-column elementor-col-40 elementor-top-column elementor-element elementor-element-b92a3c9\" data-id=\"b92a3c9\" data-element_type=\"column\">\n\t\t\t<div class=\"elementor-widget-wrap elementor-element-populated\">\n\t\t\t\t\t\t<div class=\"elementor-element elementor-element-52b41fbf elementor-widget elementor-widget-image\" data-id=\"52b41fbf\" data-element_type=\"widget\" data-widget_type=\"image.default\">\n\t\t\t\t\t\t\t\t\t\t\t\t\t\t\t<img decoding=\"async\" width=\"1024\" height=\"683\" src=\"http:\/\/allservicemichalaga.pl\/wp-content\/uploads\/2026\/01\/342d4a3f-85dd-4c3b-92cf-ca137828e50b-1-1024x683.png\" class=\"attachment-large size-large wp-image-167\" alt=\"\" srcset=\"http:\/\/allservicemichalaga.pl\/wp-content\/uploads\/2026\/01\/342d4a3f-85dd-4c3b-92cf-ca137828e50b-1-1024x683.png 1024w, http:\/\/allservicemichalaga.pl\/wp-content\/uploads\/2026\/01\/342d4a3f-85dd-4c3b-92cf-ca137828e50b-1-300x200.png 300w, http:\/\/allservicemichalaga.pl\/wp-content\/uploads\/2026\/01\/342d4a3f-85dd-4c3b-92cf-ca137828e50b-1-768x512.png 768w, http:\/\/allservicemichalaga.pl\/wp-content\/uploads\/2026\/01\/342d4a3f-85dd-4c3b-92cf-ca137828e50b-1.png 1536w\" sizes=\"(max-width: 1024px) 100vw, 1024px\" \/>\t\t\t\t\t\t\t\t\t\t\t\t\t\t\t<\/div>\n\t\t\t\t\t<\/div>\n\t\t<\/div>\n\t\t\t\t\t<\/div>\n\t\t<\/section>\n\t\t\t\t<section class=\"elementor-section elementor-top-section elementor-element elementor-element-4b81af12 elementor-section-boxed elementor-section-height-default elementor-section-height-default\" data-id=\"4b81af12\" data-element_type=\"section\" data-settings=\"{&quot;background_background&quot;:&quot;classic&quot;}\">\n\t\t\t\t\t\t<div class=\"elementor-container elementor-column-gap-default\">\n\t\t\t\t\t<div class=\"elementor-column elementor-col-100 elementor-top-column elementor-element elementor-element-5d34a047\" data-id=\"5d34a047\" data-element_type=\"column\">\n\t\t\t<div class=\"elementor-widget-wrap elementor-element-populated\">\n\t\t\t\t\t\t<div class=\"elementor-element elementor-element-4791ff8f elementor-widget elementor-widget-heading\" data-id=\"4791ff8f\" data-element_type=\"widget\" data-widget_type=\"heading.default\">\n\t\t\t\t\t<h2 class=\"elementor-heading-title elementor-size-default\">Akcyza i podatki \u2013 za\u0142atwiamy wnioski<\/h2>\t\t\t\t<\/div>\n\t\t\t\t<div class=\"elementor-element elementor-element-2a949377 elementor-widget elementor-widget-text-editor\" data-id=\"2a949377\" data-element_type=\"widget\" data-widget_type=\"text-editor.default\">\n\t\t\t\t\t\t\t\t\t<h5>\u2714\ufe0f Wniosek o akcyz\u0119 (AKC-U\/S)<\/h5><h5>\u2714\ufe0f Wniosek PCC-3 (podatek od czynno\u015bci cywilnoprawnych)<\/h5><h5>\u2714\ufe0f Sprawdzenie poprawno\u015bci danych przed z\u0142o\u017ceniem<\/h5><h5>\u2714\ufe0f Pomoc przy kompletowaniu za\u0142\u0105cznik\u00f3w<\/h5><h5>Nie musisz zna\u0107 przepis\u00f3w \u2014 my wiemy, co i gdzie z\u0142o\u017cy\u0107.<\/h5>\t\t\t\t\t\t\t\t<\/div>\n\t\t\t\t\t<\/div>\n\t\t<\/div>\n\t\t\t\t\t<\/div>\n\t\t<\/section>\n\t\t\t\t<section class=\"elementor-section elementor-top-section elementor-element elementor-element-12a18ed elementor-section-boxed elementor-section-height-default elementor-section-height-default\" data-id=\"12a18ed\" data-element_type=\"section\" data-settings=\"{&quot;background_background&quot;:&quot;classic&quot;}\">\n\t\t\t\t\t\t<div class=\"elementor-container elementor-column-gap-default\">\n\t\t\t\t\t<div class=\"elementor-column elementor-col-100 elementor-top-column elementor-element elementor-element-2567d2cb\" data-id=\"2567d2cb\" data-element_type=\"column\">\n\t\t\t<div class=\"elementor-widget-wrap elementor-element-populated\">\n\t\t\t\t\t\t<div class=\"elementor-element elementor-element-31730366 elementor-widget elementor-widget-heading\" data-id=\"31730366\" data-element_type=\"widget\" data-widget_type=\"heading.default\">\n\t\t\t\t\t<h2 class=\"elementor-heading-title elementor-size-default\">Pe\u0142na lista us\u0142ug<\/h2>\t\t\t\t<\/div>\n\t\t\t\t<div class=\"elementor-element elementor-element-525e31f1 elementor-widget elementor-widget-text-editor\" data-id=\"525e31f1\" data-element_type=\"widget\" data-widget_type=\"text-editor.default\">\n\t\t\t\t\t\t\t\t\t<ul><li><h4>Rejestracja pojazd\u00f3w w Polsce<\/h4><\/li><li><h4>Rejestracja samochod\u00f3w sprowadzonych z zagranicy<\/h4><\/li><li><h4>Przerejestrowanie pojazdu po zakupie<\/h4><\/li><li><h4>Przygotowanie i z\u0142o\u017cenie wniosk\u00f3w akcyzowych<\/h4><\/li><li><h4>Wnioski PCC-3<\/h4><\/li><li><h4>Wymiana dowodu rejestracyjnego \/ tablic<\/h4><\/li><li><h4>Zg\u0142oszenie zbycia lub nabycia pojazdu<\/h4><\/li><li><h4>Weryfikacja dokument\u00f3w przed wizyt\u0105 w urz\u0119dzie<\/h4><\/li><li><h4>Pomoc w ca\u0142ym procesie od A do Z<\/h4><\/li><\/ul>\t\t\t\t\t\t\t\t<\/div>\n\t\t\t\t\t<\/div>\n\t\t<\/div>\n\t\t\t\t\t<\/div>\n\t\t<\/section>\n\t\t\t\t<section class=\"elementor-section elementor-top-section elementor-element elementor-element-7651ef4e elementor-section-boxed elementor-section-height-default elementor-section-height-default\" data-id=\"7651ef4e\" data-element_type=\"section\" data-settings=\"{&quot;background_background&quot;:&quot;classic&quot;}\">\n\t\t\t\t\t\t<div class=\"elementor-container elementor-column-gap-default\">\n\t\t\t\t\t<div class=\"elementor-column elementor-col-70 elementor-top-column elementor-element elementor-element-5405f085\" data-id=\"5405f085\" data-element_type=\"column\">\n\t\t\t<div class=\"elementor-widget-wrap elementor-element-populated\">\n\t\t\t\t\t\t<div class=\"elementor-element elementor-element-2f195f2a elementor-widget elementor-widget-heading\" data-id=\"2f195f2a\" data-element_type=\"widget\" data-widget_type=\"heading.default\">\n\t\t\t\t\t<h2 class=\"elementor-heading-title elementor-size-default\">Dlaczego warto?<\/h2>\t\t\t\t<\/div>\n\t\t\t\t<div class=\"elementor-element elementor-element-2484f95a elementor-widget elementor-widget-text-editor\" data-id=\"2484f95a\" data-element_type=\"widget\" data-widget_type=\"text-editor.default\">\n\t\t\t\t\t\t\t\t\t<h4>\u2714\ufe0f Oszcz\u0119dzasz czas i nerwy<\/h4><h4>\u2714\ufe0f Unikasz b\u0142\u0119d\u00f3w w dokumentach<\/h4><h4>\u2714\ufe0f Wiemy, jakie przepisy obowi\u0105zuj\u0105 aktualnie<\/h4><h4>\u2714\ufe0f Dzia\u0142amy szybko i sprawnie<\/h4><h4>\u2714\ufe0f Pomagamy tak\u017ce przy autach z zagranicy<\/h4>\t\t\t\t\t\t\t\t<\/div>\n\t\t\t\t\t<\/div>\n\t\t<\/div>\n\t\t\t\t<div class=\"elementor-column elementor-col-30 elementor-top-column elementor-element elementor-element-6e4a1cde\" data-id=\"6e4a1cde\" data-element_type=\"column\">\n\t\t\t<div class=\"elementor-widget-wrap elementor-element-populated\">\n\t\t\t\t\t\t<div class=\"elementor-element elementor-element-2c3fc4c6 elementor-widget elementor-widget-button\" data-id=\"2c3fc4c6\" data-element_type=\"widget\" data-widget_type=\"button.default\">\n\t\t\t\t\t\t\t\t\t\t<a class=\"elementor-button elementor-button-link elementor-size-lg\" href=\"tel:+48787997959\">\n\t\t\t\t\t\t<span class=\"elementor-button-content-wrapper\">\n\t\t\t\t\t\t\t\t\t<span class=\"elementor-button-text\">Zadzwo\u0144 teraz<\/span>\n\t\t\t\t\t<\/span>\n\t\t\t\t\t<\/a>\n\t\t\t\t\t\t\t\t<\/div>\n\t\t\t\t<div class=\"elementor-element elementor-element-20b8a09d elementor-widget elementor-widget-button\" data-id=\"20b8a09d\" data-element_type=\"widget\" data-widget_type=\"button.default\">\n\t\t\t\t\t\t\t\t\t\t<a class=\"elementor-button elementor-button-link elementor-size-lg\" href=\"https:\/\/wa.me\/48787997959?text=Interesuje%20mnie%20rejestracja%20pojazdu.%20Prosz%C4%99%20o%20kontakt.\">\n\t\t\t\t\t\t<span class=\"elementor-button-content-wrapper\">\n\t\t\t\t\t\t\t\t\t<span class=\"elementor-button-text\">WhatsApp \u2013 napisz<\/span>\n\t\t\t\t\t<\/span>\n\t\t\t\t\t<\/a>\n\t\t\t\t\t\t\t\t<\/div>\n\t\t\t\t<div class=\"elementor-element elementor-element-586402ea elementor-widget elementor-widget-text-editor\" data-id=\"586402ea\" data-element_type=\"widget\" data-widget_type=\"text-editor.default\">\n\t\t\t\t\t\t\t\t\t<p><strong>E-mail:<\/strong> <a href='mailto:kontakt@allservicemichalaga.pl'>kontakt@allservicemichalaga.pl<\/a><\/p>\t\t\t\t\t\t\t\t<\/div>\n\t\t\t\t\t<\/div>\n\t\t<\/div>\n\t\t\t\t\t<\/div>\n\t\t<\/section>\n\t\t\t\t<\/div>\n\t\t","protected":false},"excerpt":{"rendered":"<p>Rejestracja pojazd\u00f3w \u2013 po\u015brednik Za\u0142atwiamy formalno\u015bci zwi\u0105zane z rejestracj\u0105 pojazd\u00f3w z Polski i z zagranicy. Oszcz\u0119dzasz czas, unikasz b\u0142\u0119d\u00f3w i [&hellip;]<\/p>\n","protected":false},"author":1,"featured_media":0,"parent":0,"menu_order":0,"comment_status":"closed","ping_status":"closed","template":"","meta":{"site-sidebar-layout":"no-sidebar","site-content-layout":"","ast-site-content-layout":"full-width-container","site-content-style":"default","site-sidebar-style":"default","ast-global-header-display":"","ast-banner-title-visibility":"","ast-main-header-display":"","ast-hfb-above-header-display":"","ast-hfb-below-header-display":"","ast-hfb-mobile-header-display":"","site-post-title":"","ast-breadcrumbs-content":"","ast-featured-img":"disabled","footer-sml-layout":"","ast-disable-related-posts":"","theme-transparent-header-meta":"","adv-header-id-meta":"","stick-header-meta":"","header-above-stick-meta":"","header-main-stick-meta":"","header-below-stick-meta":"","astra-migrate-meta-layouts":"default","ast-page-background-enabled":"default","ast-page-background-meta":{"desktop":{"background-color":"var(--ast-global-color-5)","background-image":"","background-repeat":"repeat","background-position":"center center","background-size":"auto","background-attachment":"scroll","background-type":"","background-media":"","overlay-type":"","overlay-color":"","overlay-opacity":"","overlay-gradient":""},"tablet":{"background-color":"","background-image":"","background-repeat":"repeat","background-position":"center center","background-size":"auto","background-attachment":"scroll","background-type":"","background-media":"","overlay-type":"","overlay-color":"","overlay-opacity":"","overlay-gradient":""},"mobile":{"background-color":"","background-image":"","background-repeat":"repeat","background-position":"center center","background-size":"auto","background-attachment":"scroll","background-type":"","background-media":"","overlay-type":"","overlay-color":"","overlay-opacity":"","overlay-gradient":""}},"ast-content-background-meta":{"desktop":{"background-color":"var(--ast-global-color-4)","background-image":"","background-repeat":"repeat","background-position":"center center","background-size":"auto","background-attachment":"scroll","background-type":"","background-media":"","overlay-type":"","overlay-color":"","overlay-opacity":"","overlay-gradient":""},"tablet":{"background-color":"var(--ast-global-color-4)","background-image":"","background-repeat":"repeat","background-position":"center center","background-size":"auto","background-attachment":"scroll","background-type":"","background-media":"","overlay-type":"","overlay-color":"","overlay-opacity":"","overlay-gradient":""},"mobile":{"background-color":"var(--ast-global-color-4)","background-image":"","background-repeat":"repeat","background-position":"center center","background-size":"auto","background-attachment":"scroll","background-type":"","background-media":"","overlay-type":"","overlay-color":"","overlay-opacity":"","overlay-gradient":""}},"footnotes":""},"class_list":["post-33","page","type-page","status-publish","hentry"],"yoast_head":"<!-- This site is optimized with the Yoast SEO plugin v26.6 - https:\/\/yoast.com\/wordpress\/plugins\/seo\/ -->\n<title>Rejestracja Pojazd\u00f3w -<\/title>\n<meta name=\"robots\" content=\"index, follow, max-snippet:-1, max-image-preview:large, max-video-preview:-1\" \/>\n<link rel=\"canonical\" href=\"http:\/\/allservicemichalaga.pl\/?page_id=33\" \/>\n<meta property=\"og:locale\" content=\"pl_PL\" \/>\n<meta property=\"og:type\" content=\"article\" \/>\n<meta property=\"og:title\" content=\"Rejestracja Pojazd\u00f3w -\" \/>\n<meta property=\"og:description\" content=\"Rejestracja pojazd\u00f3w \u2013 po\u015brednik Za\u0142atwiamy formalno\u015bci zwi\u0105zane z rejestracj\u0105 pojazd\u00f3w z Polski i z zagranicy. Oszcz\u0119dzasz czas, unikasz b\u0142\u0119d\u00f3w i [&hellip;]\" \/>\n<meta property=\"og:url\" content=\"http:\/\/allservicemichalaga.pl\/?page_id=33\" \/>\n<meta property=\"article:modified_time\" content=\"2026-01-09T11:53:37+00:00\" \/>\n<meta property=\"og:image\" content=\"http:\/\/allservicemichalaga.pl\/wp-content\/uploads\/2026\/01\/001d9e12-8aa9-4d0f-93c6-d4361b72cf2a-1024x683.png\" \/>\n<meta name=\"twitter:card\" content=\"summary_large_image\" \/>\n<meta name=\"twitter:label1\" content=\"Szacowany czas czytania\" \/>\n\t<meta name=\"twitter:data1\" content=\"3 minuty\" \/>\n<script type=\"application\/ld+json\" class=\"yoast-schema-graph\">{\"@context\":\"https:\/\/schema.org\",\"@graph\":[{\"@type\":\"WebPage\",\"@id\":\"http:\/\/allservicemichalaga.pl\/?page_id=33\",\"url\":\"http:\/\/allservicemichalaga.pl\/?page_id=33\",\"name\":\"Rejestracja Pojazd\u00f3w -\",\"isPartOf\":{\"@id\":\"https:\/\/allservicemichalaga.pl\/#website\"},\"primaryImageOfPage\":{\"@id\":\"http:\/\/allservicemichalaga.pl\/?page_id=33#primaryimage\"},\"image\":{\"@id\":\"http:\/\/allservicemichalaga.pl\/?page_id=33#primaryimage\"},\"thumbnailUrl\":\"http:\/\/allservicemichalaga.pl\/wp-content\/uploads\/2026\/01\/001d9e12-8aa9-4d0f-93c6-d4361b72cf2a-1024x683.png\",\"datePublished\":\"2026-01-06T20:47:39+00:00\",\"dateModified\":\"2026-01-09T11:53:37+00:00\",\"breadcrumb\":{\"@id\":\"http:\/\/allservicemichalaga.pl\/?page_id=33#breadcrumb\"},\"inLanguage\":\"pl-PL\",\"potentialAction\":[{\"@type\":\"ReadAction\",\"target\":[\"http:\/\/allservicemichalaga.pl\/?page_id=33\"]}]},{\"@type\":\"ImageObject\",\"inLanguage\":\"pl-PL\",\"@id\":\"http:\/\/allservicemichalaga.pl\/?page_id=33#primaryimage\",\"url\":\"http:\/\/allservicemichalaga.pl\/wp-content\/uploads\/2026\/01\/001d9e12-8aa9-4d0f-93c6-d4361b72cf2a.png\",\"contentUrl\":\"http:\/\/allservicemichalaga.pl\/wp-content\/uploads\/2026\/01\/001d9e12-8aa9-4d0f-93c6-d4361b72cf2a.png\",\"width\":1536,\"height\":1024},{\"@type\":\"BreadcrumbList\",\"@id\":\"http:\/\/allservicemichalaga.pl\/?page_id=33#breadcrumb\",\"itemListElement\":[{\"@type\":\"ListItem\",\"position\":1,\"name\":\"Strona g\u0142\u00f3wna\",\"item\":\"https:\/\/allservicemichalaga.pl\/\"},{\"@type\":\"ListItem\",\"position\":2,\"name\":\"Rejestracja Pojazd\u00f3w\"}]},{\"@type\":\"WebSite\",\"@id\":\"https:\/\/allservicemichalaga.pl\/#website\",\"url\":\"https:\/\/allservicemichalaga.pl\/\",\"name\":\"\",\"description\":\"Twoje Centrum Spraw\",\"potentialAction\":[{\"@type\":\"SearchAction\",\"target\":{\"@type\":\"EntryPoint\",\"urlTemplate\":\"https:\/\/allservicemichalaga.pl\/?s={search_term_string}\"},\"query-input\":{\"@type\":\"PropertyValueSpecification\",\"valueRequired\":true,\"valueName\":\"search_term_string\"}}],\"inLanguage\":\"pl-PL\"}]}<\/script>\n<!-- \/ Yoast SEO plugin. -->","yoast_head_json":{"title":"Rejestracja Pojazd\u00f3w -","robots":{"index":"index","follow":"follow","max-snippet":"max-snippet:-1","max-image-preview":"max-image-preview:large","max-video-preview":"max-video-preview:-1"},"canonical":"http:\/\/allservicemichalaga.pl\/?page_id=33","og_locale":"pl_PL","og_type":"article","og_title":"Rejestracja Pojazd\u00f3w -","og_description":"Rejestracja pojazd\u00f3w \u2013 po\u015brednik Za\u0142atwiamy formalno\u015bci zwi\u0105zane z rejestracj\u0105 pojazd\u00f3w z Polski i z zagranicy. Oszcz\u0119dzasz czas, unikasz b\u0142\u0119d\u00f3w i [&hellip;]","og_url":"http:\/\/allservicemichalaga.pl\/?page_id=33","article_modified_time":"2026-01-09T11:53:37+00:00","og_image":[{"url":"http:\/\/allservicemichalaga.pl\/wp-content\/uploads\/2026\/01\/001d9e12-8aa9-4d0f-93c6-d4361b72cf2a-1024x683.png","type":"","width":"","height":""}],"twitter_card":"summary_large_image","twitter_misc":{"Szacowany czas czytania":"3 minuty"},"schema":{"@context":"https:\/\/schema.org","@graph":[{"@type":"WebPage","@id":"http:\/\/allservicemichalaga.pl\/?page_id=33","url":"http:\/\/allservicemichalaga.pl\/?page_id=33","name":"Rejestracja Pojazd\u00f3w -","isPartOf":{"@id":"https:\/\/allservicemichalaga.pl\/#website"},"primaryImageOfPage":{"@id":"http:\/\/allservicemichalaga.pl\/?page_id=33#primaryimage"},"image":{"@id":"http:\/\/allservicemichalaga.pl\/?page_id=33#primaryimage"},"thumbnailUrl":"http:\/\/allservicemichalaga.pl\/wp-content\/uploads\/2026\/01\/001d9e12-8aa9-4d0f-93c6-d4361b72cf2a-1024x683.png","datePublished":"2026-01-06T20:47:39+00:00","dateModified":"2026-01-09T11:53:37+00:00","breadcrumb":{"@id":"http:\/\/allservicemichalaga.pl\/?page_id=33#breadcrumb"},"inLanguage":"pl-PL","potentialAction":[{"@type":"ReadAction","target":["http:\/\/allservicemichalaga.pl\/?page_id=33"]}]},{"@type":"ImageObject","inLanguage":"pl-PL","@id":"http:\/\/allservicemichalaga.pl\/?page_id=33#primaryimage","url":"http:\/\/allservicemichalaga.pl\/wp-content\/uploads\/2026\/01\/001d9e12-8aa9-4d0f-93c6-d4361b72cf2a.png","contentUrl":"http:\/\/allservicemichalaga.pl\/wp-content\/uploads\/2026\/01\/001d9e12-8aa9-4d0f-93c6-d4361b72cf2a.png","width":1536,"height":1024},{"@type":"BreadcrumbList","@id":"http:\/\/allservicemichalaga.pl\/?page_id=33#breadcrumb","itemListElement":[{"@type":"ListItem","position":1,"name":"Strona g\u0142\u00f3wna","item":"https:\/\/allservicemichalaga.pl\/"},{"@type":"ListItem","position":2,"name":"Rejestracja Pojazd\u00f3w"}]},{"@type":"WebSite","@id":"https:\/\/allservicemichalaga.pl\/#website","url":"https:\/\/allservicemichalaga.pl\/","name":"","description":"Twoje Centrum Spraw","potentialAction":[{"@type":"SearchAction","target":{"@type":"EntryPoint","urlTemplate":"https:\/\/allservicemichalaga.pl\/?s={search_term_string}"},"query-input":{"@type":"PropertyValueSpecification","valueRequired":true,"valueName":"search_term_string"}}],"inLanguage":"pl-PL"}]}},"_links":{"self":[{"href":"http:\/\/allservicemichalaga.pl\/index.php?rest_route=\/wp\/v2\/pages\/33","targetHints":{"allow":["GET"]}}],"collection":[{"href":"http:\/\/allservicemichalaga.pl\/index.php?rest_route=\/wp\/v2\/pages"}],"about":[{"href":"http:\/\/allservicemichalaga.pl\/index.php?rest_route=\/wp\/v2\/types\/page"}],"author":[{"embeddable":true,"href":"http:\/\/allservicemichalaga.pl\/index.php?rest_route=\/wp\/v2\/users\/1"}],"replies":[{"embeddable":true,"href":"http:\/\/allservicemichalaga.pl\/index.php?rest_route=%2Fwp%2Fv2%2Fcomments&post=33"}],"version-history":[{"count":7,"href":"http:\/\/allservicemichalaga.pl\/index.php?rest_route=\/wp\/v2\/pages\/33\/revisions"}],"predecessor-version":[{"id":174,"href":"http:\/\/allservicemichalaga.pl\/index.php?rest_route=\/wp\/v2\/pages\/33\/revisions\/174"}],"wp:attachment":[{"href":"http:\/\/allservicemichalaga.pl\/index.php?rest_route=%2Fwp%2Fv2%2Fmedia&parent=33"}],"curies":[{"name":"wp","href":"https:\/\/api.w.org\/{rel}","templated":true}]}}